{"id":3701,"date":"2023-08-23T08:44:46","date_gmt":"2023-08-23T05:43:46","guid":{"rendered":"http:\/\/wm-ua.com.ua\/product\/4-signalnye-kolonny\/"},"modified":"2023-12-13T12:40:01","modified_gmt":"2023-12-13T09:40:01","slug":"4-signalnye-kolonny","status":"publish","type":"product","link":"http:\/\/wm-ua.com.ua\/ru\/product\/4-signalnye-kolonny\/","title":{"rendered":"\u0421\u0438\u0433\u043d\u0430\u043b\u044c\u043d\u044b\u0435 \u043a\u043e\u043b\u043e\u043d\u043d\u044b"},"content":{"rendered":"<p>\u0421\u0438\u0433\u043d\u0430\u043b\u044c\u043d\u044b\u0435 \u043a\u043e\u043b\u043e\u043d\u043d\u044b \u0448\u0438\u0440\u043e\u043a\u043e \u0438\u0441\u043f\u043e\u043b\u044c\u0437\u0443\u044e\u0442\u0441\u044f \u0432 \u043c\u0430\u0448\u0438\u043d\u043e\u0441\u0442\u0440\u043e\u0435\u043d\u0438\u0438, \u0441\u0442\u0440\u043e\u0438\u0442\u0435\u043b\u044c\u0441\u0442\u0432\u0435 \u043f\u0440\u043e\u0438\u0437\u0432\u043e\u0434\u0441\u0442\u0432\u0435\u043d\u043d\u044b\u0445 \u043e\u0431\u044a\u0435\u043a\u0442\u043e\u0432, \u043b\u043e\u0433\u0438\u0441\u0442\u0438\u043a\u0435 \u0438 \u0434\u0440\u0443\u0433\u0438\u0445 \u043e\u0442\u0440\u0430\u0441\u043b\u044f\u0445. \u041a\u043e\u043c\u043f\u0430\u043d\u0438\u044f Auer Signal \u0443\u0434\u0435\u043b\u044f\u0435\u0442 \u043e\u0441\u043e\u0431\u043e\u0435 \u0432\u043d\u0438\u043c\u0430\u043d\u0438\u0435 \u043d\u0430\u0434\u0435\u0436\u043d\u043e\u0441\u0442\u0438 \u0438 \u0444\u0443\u043d\u043a\u0446\u0438\u043e\u043d\u0430\u043b\u044c\u043d\u043e\u0441\u0442\u0438 \u0441\u0432\u043e\u0438\u0445 \u043f\u0440\u043e\u0434\u0443\u043a\u0442\u043e\u0432 \u043f\u0440\u0438 \u0438\u0445 \u043f\u0440\u043e\u0435\u043a\u0442\u0438\u0440\u043e\u0432\u0430\u043d\u0438\u0438 \u0438 \u043f\u0440\u043e\u0438\u0437\u0432\u043e\u0434\u0441\u0442\u0432\u0435. \u041f\u043e\u044d\u0442\u043e\u043c\u0443 \u0441\u0438\u0433\u043d\u0430\u043b\u044c\u043d\u044b\u0435 \u043a\u043e\u043b\u043e\u043d\u043d\u044b \u043e\u0442 Auer Signal \u043e\u0442\u043b\u0438\u0447\u0430\u044e\u0442\u0441\u044f \u0432\u044b\u0441\u043e\u043a\u0438\u043c \u043a\u0430\u0447\u0435\u0441\u0442\u0432\u043e\u043c \u0438 \u043e\u0441\u043e\u0431\u0435\u043d\u043d\u043e \u0432\u044b\u0441\u043e\u043a\u043e\u0439 \u044f\u0440\u043a\u043e\u0441\u0442\u044c\u044e. \u041f\u043e\u0441\u043b\u0435\u0434\u043d\u0438\u0435 \u0440\u0430\u0437\u0440\u0430\u0431\u043e\u0442\u0430\u043d\u043d\u044b\u0435 \u043c\u043e\u0434\u0435\u043b\u0438 \u043d\u0435 \u0442\u043e\u043b\u044c\u043a\u043e \u0443\u043d\u0438\u0432\u0435\u0440\u0441\u0430\u043b\u044c\u043d\u044b, \u043d\u043e \u0438 \u043e\u0440\u0438\u0435\u043d\u0442\u0438\u0440\u043e\u0432\u0430\u043d\u044b \u043d\u0430 \u0431\u0443\u0434\u0443\u0449\u0435\u0435 \u0431\u043b\u0430\u0433\u043e\u0434\u0430\u0440\u044f \u0437\u0430\u043f\u0430\u0442\u0435\u043d\u0442\u043e\u0432\u0430\u043d\u043d\u043e\u043c\u0443 \u0432\u043d\u0443\u0442\u0440\u0435\u043d\u043d\u0435\u043c\u0443 \u043a\u043e\u043d\u0442\u0430\u043a\u0442\u0443.<\/p>\n<p>\u041a\u043e\u043c\u043f\u0430\u043d\u0438\u044f Auer Signal \u043f\u0440\u043e\u0438\u0437\u0432\u043e\u0434\u0438\u0442 <a href=\"https:\/\/www.auersignal.com\/en\/tower-lights\/\"><u>\u0441\u0438\u0433\u043d\u0430\u043b\u044c\u043d\u044b\u0435 \u043a\u043e\u043b\u043e\u043d\u043d\u044b<\/u><\/a>\u00a0 \u0434\u043b\u044f \u043b\u044e\u0431\u043e\u0433\u043e \u043f\u0440\u0438\u043c\u0435\u043d\u0435\u043d\u0438\u044f \u0438 \u0432\u0441\u0435\u0445 \u0440\u0430\u0441\u043f\u0440\u043e\u0441\u0442\u0440\u0430\u043d\u0435\u043d\u043d\u044b\u0445 \u0440\u0430\u0437\u043c\u0435\u0440\u043e\u0432 \u043e\u0442 \u00d8 30 \u0434\u043e \u00d8 70 \u043c\u043c. \u0414\u043e\u0441\u0442\u0443\u043f\u0435\u043d \u0442\u0430\u043a\u0436\u0435 \u0448\u0438\u0440\u043e\u043a\u0438\u0439 \u0441\u043f\u0435\u043a\u0442\u0440 \u0440\u0435\u0448\u0435\u043d\u0438\u0439 \u0434\u043b\u044f \u0440\u0430\u0437\u043b\u0438\u0447\u043d\u044b\u0445 \u0441\u043f\u043e\u0441\u043e\u0431\u043e\u0432 \u043c\u043e\u043d\u0442\u0430\u0436\u0430 \u043a\u043e\u043b\u043e\u043d\u043d, \u0441\u043d\u0438\u0436\u0430\u044e\u0449\u0438\u0445 \u0437\u0430\u0442\u0440\u0430\u0442\u044b \u043d\u0430 \u044d\u043b\u0435\u043a\u0442\u0440\u043e\u043c\u043e\u043d\u0442\u0430\u0436\u043d\u044b\u0435 \u0440\u0430\u0431\u043e\u0442\u044b \u0438 \u043e\u0431\u0435\u0441\u043f\u0435\u0447\u0438\u0432\u0430\u044e\u0449\u0438\u0445 \u0432\u044b\u043f\u043e\u043b\u043d\u0435\u043d\u0438\u0435 \u044d\u0442\u0438\u0445 \u0440\u0430\u0431\u043e\u0442 \u0447\u0440\u0435\u0437\u0432\u044b\u0447\u0430\u0439\u043d\u043e \u043f\u0440\u043e\u0441\u0442\u044b\u043c. \u041c\u043e\u0434\u0435\u043b\u0438 \u0441\u0435\u0440\u0438\u0439 CT5 \u0438 PC7 \u0438\u043c\u0435\u044e\u0442 \u0431\u0430\u0437\u043e\u0432\u044b\u0435 \u043c\u043e\u0434\u0443\u043b\u0438 \u0441 \u043f\u043e\u0434\u0434\u0435\u0440\u0436\u043a\u043e\u0439 IO-Link \u0442\u0435\u0445\u043d\u043e\u043b\u043e\u0433\u0438\u0438.<\/p>\n<p>\u0412 \u0431\u043e\u043b\u044c\u0448\u0438\u043d\u0441\u0442\u0432\u0435 \u0441\u0435\u0440\u0438\u0439 \u0438\u043c\u0435\u044e\u0442\u0441\u044f \u043f\u0440\u0435\u0434\u0432\u0430\u0440\u0438\u0442\u0435\u043b\u044c\u043d\u043e \u0441\u043e\u0431\u0440\u0430\u043d\u043d\u044b\u0435 \u0441\u0438\u0433\u043d\u0430\u043b\u044c\u043d\u044b\u0435 \u043a\u043e\u043b\u043e\u043d\u043d\u044b \u0441 \u0443\u0447\u0435\u0442\u043e\u043c \u043d\u0430\u0438\u0431\u043e\u043b\u0435\u0435 \u043f\u043e\u043f\u0443\u043b\u044f\u0440\u043d\u044b\u0445 \u043a\u043e\u043c\u0431\u0438\u043d\u0430\u0446\u0438\u0439 \u0441\u0432\u0435\u0442\u043e\u0432\u044b\u0445 \u0438 \u0437\u0432\u0443\u043a\u043e\u0432\u044b\u0445 \u043c\u043e\u0434\u0443\u043b\u0435\u0439. \u0414\u043b\u044f \u0434\u0440\u0443\u0433\u0438\u0445 \u043a\u043e\u043c\u0431\u0438\u043d\u0430\u0446\u0438\u0439 \u0435\u0441\u0442\u044c \u0432\u043e\u0437\u043c\u043e\u0436\u043d\u043e\u0441\u0442\u044c \u0441\u0430\u043c\u043e\u0441\u0442\u043e\u044f\u0442\u0435\u043b\u044c\u043d\u043e\u0439 \u043a\u043e\u043d\u0444\u0438\u0433\u0443\u0440\u0430\u0446\u0438\u0438 \u043c\u043e\u0434\u0443\u043b\u0435\u0439 \u043a\u043e\u043b\u043e\u043d\u043d\u044b \u0441 \u043f\u043e\u043c\u043e\u0449\u044c\u044e \u0443\u0434\u043e\u0431\u043d\u044b\u0445 \u0438 \u043f\u0440\u043e\u0441\u0442\u044b\u0445 \u043a\u043e\u043d\u0444\u0438\u0433\u0443\u0440\u0430\u0442\u043e\u0440\u043e\u0432 \u043d\u0430 \u0441\u0430\u0439\u0442\u0435 \u043f\u0440\u043e\u0438\u0437\u0432\u043e\u0434\u0438\u0442\u0435\u043b\u044f Auer Signal. \u041a\u043e\u043d\u0441\u0442\u0440\u0443\u043a\u0446\u0438\u044f \u043c\u043e\u0434\u0443\u043b\u044c\u043d\u044b\u0445 \u0441\u0435\u0440\u0438\u0439 PC7, CT5, ECO \u0438 MS50 \u043c\u043e\u0436\u0435\u0442 \u0431\u044b\u0442\u044c \u0438\u0437\u043c\u0435\u043d\u0435\u043d\u0430 \u043f\u0440\u0438 \u043d\u0435\u043e\u0431\u0445\u043e\u0434\u0438\u043c\u043e\u0441\u0442\u0438 \u0434\u0430\u0436\u0435 \u043f\u043e\u0441\u043b\u0435 \u043c\u043e\u043d\u0442\u0430\u0436\u0430 \u0438 \u044d\u043a\u0441\u043f\u043b\u0443\u0430\u0442\u0430\u0446\u0438\u0438 \u0432 \u043c\u0435\u0441\u0442\u0435 \u0443\u0441\u0442\u0430\u043d\u043e\u0432\u043a\u0438. \u0421 \u0434\u0440\u0443\u0433\u043e\u0439 \u0441\u0442\u043e\u0440\u043e\u043d\u044b, \u043a\u043e\u043c\u043f\u0430\u043a\u0442\u043d\u044b\u0435 \u0441\u0435\u0440\u0438\u0438 C30 \u0438 HD \u043e\u043a\u043e\u043d\u0447\u0430\u0442\u0435\u043b\u044c\u043d\u043e \u043a\u043e\u043d\u0444\u0438\u0433\u0443\u0440\u0438\u0440\u0443\u044e\u0442\u0441\u044f \u043f\u0440\u0438 \u0438\u0445 \u043f\u0440\u043e\u0438\u0437\u0432\u043e\u0434\u0441\u0442\u0432\u0435.<\/p>\n<p>&#8212; <a href=\"https:\/\/www.auersignal.com\/en\/tower-lights\/pc7\/pc7\/\"><u>\u0441\u0435\u0440\u0438\u044f PC7 modular \u00d870 mm<\/u><\/a><\/p>\n<p>&#8212; <a href=\"https:\/\/www.auersignal.com\/en\/tower-lights\/ct5\/ct5\/\"><u>\u0441\u0435\u0440\u0438\u044f CT5 modular \u00d8 50mm<\/u><\/a><\/p>\n<p>&#8212; <a href=\"https:\/\/www.auersignal.com\/en\/tower-lights\/eco\/\"><u>\u0441\u0435\u0440\u0438\u044f Eco modular \u00d8 40mm, \u00d8 60mm, \u00d8 70mm<\/u><\/a><\/p>\n<p>&#8212; <a href=\"https:\/\/www.auersignal.com\/en\/tower-lights\/ms50\/ms50\/\"><u>\u0441\u0435\u0440\u0438\u044f MS50 modular \u00d8 50mm<\/u><\/a><\/p>\n<p>&#8212; <a href=\"https:\/\/www.auersignal.com\/en\/tower-lights\/mt60\/mt60\/\">\u0441\u0435\u0440\u0438\u044f MT60 monolithic \u00d8 60mm<\/a><\/p>\n<p>&#8212; <a href=\"https:\/\/www.auersignal.com\/en\/tower-lights\/c30\/c30\/\"><u>\u0441\u0435\u0440\u0438\u044f C30 compact \u00d8 30mm<\/u><\/a><\/p>\n<p>&#8212; <a href=\"https:\/\/www.auersignal.com\/en\/tower-lights\/hd\/hd\/\"><u>\u0441\u0435\u0440\u0438\u044f HD (Half-Dome) compact<\/u><\/a><\/p>\n<p>&nbsp;<\/p>\n","protected":false},"excerpt":{"rendered":"<p>\u0421\u0438\u0433\u043d\u0430\u043b\u044c\u043d\u044b\u0435 \u043a\u043e\u043b\u043e\u043d\u043d\u044b \u0448\u0438\u0440\u043e\u043a\u043e \u0438\u0441\u043f\u043e\u043b\u044c\u0437\u0443\u044e\u0442\u0441\u044f \u0432 \u043c\u0430\u0448\u0438\u043d\u043e\u0441\u0442\u0440\u043e\u0435\u043d\u0438\u0438, \u0441\u0442\u0440\u043e\u0438\u0442\u0435\u043b\u044c\u0441\u0442\u0432\u0435 \u043f\u0440\u043e\u0438\u0437\u0432\u043e\u0434\u0441\u0442\u0432\u0435\u043d\u043d\u044b\u0445 \u043e\u0431\u044a\u0435\u043a\u0442\u043e\u0432, \u043b\u043e\u0433\u0438\u0441\u0442\u0438\u043a\u0435 \u0438 \u0434\u0440\u0443\u0433\u0438\u0445 \u043e\u0442\u0440\u0430\u0441\u043b\u044f\u0445. \u041a\u043e\u043c\u043f\u0430\u043d\u0438\u044f Auer Signal \u0443\u0434\u0435\u043b\u044f\u0435\u0442 \u043e\u0441\u043e\u0431\u043e\u0435 \u0432\u043d\u0438\u043c\u0430\u043d\u0438\u0435 \u043d\u0430\u0434\u0435\u0436\u043d\u043e\u0441\u0442\u0438 \u0438 \u0444\u0443\u043d\u043a\u0446\u0438\u043e\u043d\u0430\u043b\u044c\u043d\u043e\u0441\u0442\u0438 \u0441\u0432\u043e\u0438\u0445 \u043f\u0440\u043e\u0434\u0443\u043a\u0442\u043e\u0432 \u043f\u0440\u0438 \u0438\u0445 \u043f\u0440\u043e\u0435\u043a\u0442\u0438\u0440\u043e\u0432\u0430\u043d\u0438\u0438 \u0438 \u043f\u0440\u043e\u0438\u0437\u0432\u043e\u0434\u0441\u0442\u0432\u0435. \u041f\u043e\u044d\u0442\u043e\u043c\u0443 \u0441\u0438\u0433\u043d\u0430\u043b\u044c\u043d\u044b\u0435 \u043a\u043e\u043b\u043e\u043d\u043d\u044b \u043e\u0442 Auer Signal \u043e\u0442\u043b\u0438\u0447\u0430\u044e\u0442\u0441\u044f \u0432\u044b\u0441\u043e\u043a\u0438\u043c \u043a\u0430\u0447\u0435\u0441\u0442\u0432\u043e\u043c \u0438 \u043e\u0441\u043e\u0431\u0435\u043d\u043d\u043e \u0432\u044b\u0441\u043e\u043a\u043e\u0439 \u044f\u0440\u043a\u043e\u0441\u0442\u044c\u044e. \u041f\u043e\u0441\u043b\u0435\u0434\u043d\u0438\u0435 \u0440\u0430\u0437\u0440\u0430\u0431\u043e\u0442\u0430\u043d\u043d\u044b\u0435 \u043c\u043e\u0434\u0435\u043b\u0438 \u043d\u0435 \u0442\u043e\u043b\u044c\u043a\u043e \u0443\u043d\u0438\u0432\u0435\u0440\u0441\u0430\u043b\u044c\u043d\u044b, \u043d\u043e \u0438 \u043e\u0440\u0438\u0435\u043d\u0442\u0438\u0440\u043e\u0432\u0430\u043d\u044b \u043d\u0430 \u0431\u0443\u0434\u0443\u0449\u0435\u0435 \u0431\u043b\u0430\u0433\u043e\u0434\u0430\u0440\u044f \u0437\u0430\u043f\u0430\u0442\u0435\u043d\u0442\u043e\u0432\u0430\u043d\u043d\u043e\u043c\u0443 [&hellip;]<\/p>\n","protected":false},"featured_media":3663,"comment_status":"closed","ping_status":"closed","template":"","meta":[],"yoast_head":"<!-- This site is optimized with the Yoast SEO plugin v15.0 - https:\/\/yoast.com\/wordpress\/plugins\/seo\/ -->\n<title>\u0421\u0438\u0433\u043d\u0430\u043b\u044c\u043d\u044b\u0435 \u043a\u043e\u043b\u043e\u043d\u043d\u044b | WM Ukraine<\/title>\n<meta name=\"robots\" content=\"index, follow, max-snippet:-1, max-image-preview:large, max-video-preview:-1\" \/>\n<link rel=\"canonical\" href=\"http:\/\/wm-ua.com.ua\/ru\/product\/4-signalnye-kolonny\/\" \/>\n<meta property=\"og:locale\" content=\"ru_RU\" \/>\n<meta property=\"og:type\" content=\"article\" \/>\n<meta property=\"og:title\" content=\"\u0421\u0438\u0433\u043d\u0430\u043b\u044c\u043d\u044b\u0435 \u043a\u043e\u043b\u043e\u043d\u043d\u044b | WM Ukraine\" \/>\n<meta property=\"og:description\" content=\"\u0421\u0438\u0433\u043d\u0430\u043b\u044c\u043d\u044b\u0435 \u043a\u043e\u043b\u043e\u043d\u043d\u044b \u0448\u0438\u0440\u043e\u043a\u043e \u0438\u0441\u043f\u043e\u043b\u044c\u0437\u0443\u044e\u0442\u0441\u044f \u0432 \u043c\u0430\u0448\u0438\u043d\u043e\u0441\u0442\u0440\u043e\u0435\u043d\u0438\u0438, \u0441\u0442\u0440\u043e\u0438\u0442\u0435\u043b\u044c\u0441\u0442\u0432\u0435 \u043f\u0440\u043e\u0438\u0437\u0432\u043e\u0434\u0441\u0442\u0432\u0435\u043d\u043d\u044b\u0445 \u043e\u0431\u044a\u0435\u043a\u0442\u043e\u0432, \u043b\u043e\u0433\u0438\u0441\u0442\u0438\u043a\u0435 \u0438 \u0434\u0440\u0443\u0433\u0438\u0445 \u043e\u0442\u0440\u0430\u0441\u043b\u044f\u0445. \u041a\u043e\u043c\u043f\u0430\u043d\u0438\u044f Auer Signal \u0443\u0434\u0435\u043b\u044f\u0435\u0442 \u043e\u0441\u043e\u0431\u043e\u0435 \u0432\u043d\u0438\u043c\u0430\u043d\u0438\u0435 \u043d\u0430\u0434\u0435\u0436\u043d\u043e\u0441\u0442\u0438 \u0438 \u0444\u0443\u043d\u043a\u0446\u0438\u043e\u043d\u0430\u043b\u044c\u043d\u043e\u0441\u0442\u0438 \u0441\u0432\u043e\u0438\u0445 \u043f\u0440\u043e\u0434\u0443\u043a\u0442\u043e\u0432 \u043f\u0440\u0438 \u0438\u0445 \u043f\u0440\u043e\u0435\u043a\u0442\u0438\u0440\u043e\u0432\u0430\u043d\u0438\u0438 \u0438 \u043f\u0440\u043e\u0438\u0437\u0432\u043e\u0434\u0441\u0442\u0432\u0435. \u041f\u043e\u044d\u0442\u043e\u043c\u0443 \u0441\u0438\u0433\u043d\u0430\u043b\u044c\u043d\u044b\u0435 \u043a\u043e\u043b\u043e\u043d\u043d\u044b \u043e\u0442 Auer Signal \u043e\u0442\u043b\u0438\u0447\u0430\u044e\u0442\u0441\u044f \u0432\u044b\u0441\u043e\u043a\u0438\u043c \u043a\u0430\u0447\u0435\u0441\u0442\u0432\u043e\u043c \u0438 \u043e\u0441\u043e\u0431\u0435\u043d\u043d\u043e \u0432\u044b\u0441\u043e\u043a\u043e\u0439 \u044f\u0440\u043a\u043e\u0441\u0442\u044c\u044e. \u041f\u043e\u0441\u043b\u0435\u0434\u043d\u0438\u0435 \u0440\u0430\u0437\u0440\u0430\u0431\u043e\u0442\u0430\u043d\u043d\u044b\u0435 \u043c\u043e\u0434\u0435\u043b\u0438 \u043d\u0435 \u0442\u043e\u043b\u044c\u043a\u043e \u0443\u043d\u0438\u0432\u0435\u0440\u0441\u0430\u043b\u044c\u043d\u044b, \u043d\u043e \u0438 \u043e\u0440\u0438\u0435\u043d\u0442\u0438\u0440\u043e\u0432\u0430\u043d\u044b \u043d\u0430 \u0431\u0443\u0434\u0443\u0449\u0435\u0435 \u0431\u043b\u0430\u0433\u043e\u0434\u0430\u0440\u044f \u0437\u0430\u043f\u0430\u0442\u0435\u043d\u0442\u043e\u0432\u0430\u043d\u043d\u043e\u043c\u0443 [&hellip;]\" \/>\n<meta property=\"og:url\" content=\"http:\/\/wm-ua.com.ua\/ru\/product\/4-signalnye-kolonny\/\" \/>\n<meta property=\"og:site_name\" content=\"WM Ukraine\" \/>\n<meta property=\"article:modified_time\" content=\"2023-12-13T09:40:01+00:00\" \/>\n<meta property=\"og:image\" content=\"http:\/\/wm-ua.com.ua\/wp-content\/uploads\/2023\/08\/04_01_st.jpg\" \/>\n\t<meta property=\"og:image:width\" content=\"514\" \/>\n\t<meta property=\"og:image:height\" content=\"328\" \/>\n<meta name=\"twitter:card\" content=\"summary_large_image\" \/>\n<script type=\"application\/ld+json\" class=\"yoast-schema-graph\">{\"@context\":\"https:\/\/schema.org\",\"@graph\":[{\"@type\":\"WebSite\",\"@id\":\"http:\/\/wm-ua.com.ua\/ru\/#website\",\"url\":\"http:\/\/wm-ua.com.ua\/ru\/\",\"name\":\"WM Ukraine\",\"description\":\"\\u0414\\u043e\\u0431\\u0440\\u043e \\u043f\\u043e\\u0436\\u0430\\u043b\\u043e\\u0432\\u0430\\u0442\\u044c \\u043d\\u0430 \\u0441\\u0430\\u0439\\u0442 WM Ukraine\",\"potentialAction\":[{\"@type\":\"SearchAction\",\"target\":\"http:\/\/wm-ua.com.ua\/ru\/?s={search_term_string}\",\"query-input\":\"required name=search_term_string\"}],\"inLanguage\":\"ru-RU\"},{\"@type\":\"ImageObject\",\"@id\":\"http:\/\/wm-ua.com.ua\/ru\/product\/4-signalnye-kolonny\/#primaryimage\",\"inLanguage\":\"ru-RU\",\"url\":\"http:\/\/wm-ua.com.ua\/wp-content\/uploads\/2023\/08\/04_01_st.jpg\",\"width\":514,\"height\":328},{\"@type\":\"WebPage\",\"@id\":\"http:\/\/wm-ua.com.ua\/ru\/product\/4-signalnye-kolonny\/#webpage\",\"url\":\"http:\/\/wm-ua.com.ua\/ru\/product\/4-signalnye-kolonny\/\",\"name\":\"\\u0421\\u0438\\u0433\\u043d\\u0430\\u043b\\u044c\\u043d\\u044b\\u0435 \\u043a\\u043e\\u043b\\u043e\\u043d\\u043d\\u044b | WM Ukraine\",\"isPartOf\":{\"@id\":\"http:\/\/wm-ua.com.ua\/ru\/#website\"},\"primaryImageOfPage\":{\"@id\":\"http:\/\/wm-ua.com.ua\/ru\/product\/4-signalnye-kolonny\/#primaryimage\"},\"datePublished\":\"2023-08-23T05:43:46+00:00\",\"dateModified\":\"2023-12-13T09:40:01+00:00\",\"inLanguage\":\"ru-RU\",\"potentialAction\":[{\"@type\":\"ReadAction\",\"target\":[\"http:\/\/wm-ua.com.ua\/ru\/product\/4-signalnye-kolonny\/\"]}]}]}<\/script>\n<!-- \/ Yoast SEO plugin. -->","_links":{"self":[{"href":"http:\/\/wm-ua.com.ua\/ru\/wp-json\/wp\/v2\/product\/3701"}],"collection":[{"href":"http:\/\/wm-ua.com.ua\/ru\/wp-json\/wp\/v2\/product"}],"about":[{"href":"http:\/\/wm-ua.com.ua\/ru\/wp-json\/wp\/v2\/types\/product"}],"replies":[{"embeddable":true,"href":"http:\/\/wm-ua.com.ua\/ru\/wp-json\/wp\/v2\/comments?post=3701"}],"wp:featuredmedia":[{"embeddable":true,"href":"http:\/\/wm-ua.com.ua\/ru\/wp-json\/wp\/v2\/media\/3663"}],"wp:attachment":[{"href":"http:\/\/wm-ua.com.ua\/ru\/wp-json\/wp\/v2\/media?parent=3701"}],"curies":[{"name":"wp","href":"https:\/\/api.w.org\/{rel}","templated":true}]}}